{"id":5234,"date":"2016-08-02T02:28:34","date_gmt":"2016-08-02T08:28:34","guid":{"rendered":"http:\/\/latinamericanliteraturetoday.wp\/about-0\/"},"modified":"2024-05-02T15:08:10","modified_gmt":"2024-05-02T21:08:10","slug":"conocenos","status":"publish","type":"page","link":"https:\/\/latinamericanliteraturetoday.org\/es\/conocenos\/","title":{"rendered":"Con\u00f3cenos"},"content":{"rendered":"\t\t<div data-elementor-type=\"wp-page\" data-elementor-id=\"5234\" class=\"elementor elementor-5234 elementor-5233\" data-elementor-post-type=\"page\">\n\t\t\t\t\t\t<section class=\"has_ae_slider elementor-section elementor-top-section elementor-element elementor-element-aa5c265 elementor-section-boxed elementor-section-height-default elementor-section-height-default ae-bg-gallery-type-default\" data-id=\"aa5c265\" data-element_type=\"section\" data-e-type=\"section\">\n\t\t\t\t\t\t<div class=\"elementor-container elementor-column-gap-default\">\n\t\t\t\t\t<div class=\"has_ae_slider elementor-column elementor-col-100 elementor-top-column elementor-element elementor-element-e7b7aa9 ae-bg-gallery-type-default\" data-id=\"e7b7aa9\" data-element_type=\"column\" data-e-type=\"column\">\n\t\t\t<div class=\"elementor-widget-wrap elementor-element-populated\">\n\t\t\t\t\t\t<div class=\"elementor-element elementor-element-732b007 elementor-widget elementor-widget-heading\" data-id=\"732b007\" data-element_type=\"widget\" data-e-type=\"widget\" data-widget_type=\"heading.default\">\n\t\t\t\t<div class=\"elementor-widget-container\">\n\t\t\t\t\t<span class=\"elementor-heading-title elementor-size-default\">LATIN AMERICAN LITERATURE TODAY<\/span>\t\t\t\t<\/div>\n\t\t\t\t<\/div>\n\t\t\t\t<div class=\"elementor-element elementor-element-a2a76a6 elementor-widget elementor-widget-heading\" data-id=\"a2a76a6\" data-element_type=\"widget\" data-e-type=\"widget\" data-widget_type=\"heading.default\">\n\t\t\t\t<div class=\"elementor-widget-container\">\n\t\t\t\t\t<h1 class=\"elementor-heading-title elementor-size-default\">Con\u00f3cenos<\/h1>\t\t\t\t<\/div>\n\t\t\t\t<\/div>\n\t\t\t\t<div class=\"elementor-element elementor-element-b2dbb0c elementor-widget elementor-widget-text-editor\" data-id=\"b2dbb0c\" data-element_type=\"widget\" data-e-type=\"widget\" data-widget_type=\"text-editor.default\">\n\t\t\t\t<div class=\"elementor-widget-container\">\n\t\t\t\t\t\t\t\t\t<p><i>Latin American Literature Today <\/i>es una revista\u00a0asociada\u00a0a<i> World Literature Today <\/i>que busca reflejar las nuevas realidades de la literatura latinoamericana a trav\u00e9s de un revista trimestral, digital, y con un \u00e1rea de su circulaci\u00f3n que se proyecta tanto en los Estados Unidos como en Am\u00e9rica Latina y Espa\u00f1a.<\/p><h3>El idioma espa\u00f1ol en Estados Unidos y el mundo<\/h3><p>En 2030, los Estados Unidos ser\u00e1 el pa\u00eds con la mayor poblaci\u00f3n hispano-hablante del mundo. Hoy en d\u00eda, 122 millones de personas utilizan el espa\u00f1ol a trav\u00e9s de internet, haciendo del idioma de Cervantes la tercera lengua m\u00e1s importante en la red. De los 500 millones de hispano-hablantes en el mundo, un 90% de ellos vive en el continente americano. Para el a\u00f1o 2043, uno de cada tres norteamericanos ser\u00e1 de origen hispano. De acuerdo al reporte de M\u00f3nica Lozano, Presidente del directorio de U.S. Hispanic Media Inc, la cantidad de hispano-hablantes viviendo en los Estados Unidos no tiene precedentes: actualmente suman 57 millones de personas.\u00a0<\/p><p>Por su parte, el Centro de Investigaciones y Docencias Econ\u00f3micas, CIDE, en conjunto con el Centro para el Progreso de Am\u00e9rica, concluy\u00f3 su conferencia anual\u00a0 con un informe titulado: &#8220;El futuro de los Estados Unidos est\u00e1 en manos de los latinos&#8221;. El reporte final indica que el fortalecimiento de los v\u00ednculos entre las di\u00e1sporas de M\u00e9xico y el resto de Am\u00e9rica Latina con los Estados Unidos, &#8220;requerir\u00e1 de inversi\u00f3n financiera y de una serie de intercambios culturales y educacionales para desarrollar un sentimiento de intereses compartidos&#8221;.<\/p><h3>El desaf\u00edo de la literatura latinoamericana contempor\u00e1nea<\/h3><p>Si damos por cierto que la misi\u00f3n de toda literatura es nombrar el mundo y sus posibilidades, \u00bfentonces c\u00f3mo haremos para nombrar la situaci\u00f3n arriba descrita? \u00bfQu\u00e9 nombre le daremos a ese territorio pol\u00edtico, cultural y ling\u00fc\u00edstico que cruza las fronteras, expande los l\u00edmites y echa ra\u00edces en nuevas formas discursivas? La pregunta fue formulada por el escritor mexicano Carlos Fuentes en 2007, durante un encuentro literario en Cartagena de Indias. All\u00ed propuso reconocer y hacer el recuento del significativo proceso de expansi\u00f3n de la lengua espa\u00f1ola en el siglo XXI.\u00a0 &#8220;\u00bfQu\u00e9 nombre nos nombra? \u00bfQu\u00e9 resumen ling\u00fc\u00edstico nos une y re\u00fane? \u00bfQu\u00e9 t\u00edtulo, simplific\u00e1ndonos, da cuenta verdadera de nuestra complejidad?&#8221;, plante\u00f3 Fuentes, para responder de inmediato: &#8220;He venido proponiendo un nombre que nos abarca en lengua e imaginaci\u00f3n, sin sacrificar variedad o sustancia. Somos el territorio de La Mancha. Nombre de una lengua e imaginaci\u00f3n compartidas. Territorios de La Mancha -el m\u00e1s grande pa\u00eds del mundo&#8221;.\u00a0<\/p><p>Ese Territorio de La Mancha, el que somos y constituye nuestra contemporaneidad, es el que se propone recorrer <i>Latin American Literature Today<\/i>.<\/p><h3><i>World Literature Today<\/i><\/h3><p>La publicaci\u00f3n que nos acoge, <a href=\"http:\/\/www.worldliteraturetoday.org\/\" target=\"_blank\" rel=\"noopener\"><i>World Literature Today<\/i><\/a>, es una de las m\u00e1s antiguas y prestiguiosas revistas de literatura de Estados Unidos. Fue fundada en la Universidad de Oklahoma en 1927 originalmente con el nombre de <i>Books Abroad. <\/i>Despu\u00e9s de nueve d\u00e9cada de publicaci\u00f3n ininterrumpida, <i>WLT <\/i>contin\u00faa su misi\u00f3n de publicar la literatura y cr\u00edtica literaria de la mayor calidad y prestigio a nivel internacional. Cada uno de los n\u00fameros de <i>WLT <\/i>incluye narrativa y poes\u00eda de autores tanto consagrados como emergentes, entrevistas y art\u00edculos sobre literatura y cultura de las m\u00e1s diversas partes del mundo. El Comit\u00e9 del Premio Nobel ha reconocido a <i>WLT<\/i> como \u201cuna de las publicaciones literarias m\u00e1s informativa y mejor editadas\u201d en el mundo.<\/p><p>Adem\u00e1s de su edici\u00f3n impresa y su edici\u00f3n digital, <i>World Literature Today <\/i>se destaca como patrocinador tanto del Neustadt International Prize for Literature y el Puterbaugh Festivals of World Literature and Culture. The Neustadt Prize es frecuentemente llamado el \u201cNobel de Estados Unidos\u201d, puesto que treinta de sus premiados, incluyendo candidatos o jurados, han ganado el Premio Nobel de Literatura. Algunos de los escritores que han ganado el Neustadt Prize son Gabriel Garc\u00eda M\u00e1rquez, Octavio Paz, y \u00c1lvaro Mutis. En el pasado algunos de los Puterbaugh Fellows han sido Jorge Luis Borges, Octavio Paz, Julio Cort\u00e1zar, Mario Vargas Llosa, Carlos Fuentes, Guillermo Cabrera Infante, Manuel Puig, Luisa Valenzuela, Roberto Fern\u00e1ndez Retamar, y Andr\u00e9s Neuman.\u00a0<\/p>\t\t\t\t\t\t\t\t<\/div>\n\t\t\t\t<\/div>\n\t\t\t\t\t<\/div>\n\t\t<\/div>\n\t\t\t\t\t<\/div>\n\t\t<\/section>\n\t\t\t\t<\/div>\n\t\t","protected":false},"excerpt":{"rendered":"<p>LATIN AMERICAN LITERATURE TODAY Latin American Literature Today es una revista\u00a0asociada\u00a0a World Literature Today que busca reflejar las nuevas realidades de la literatura latinoamericana a trav\u00e9s de un revista trimestral, digital, y con un \u00e1rea de su circulaci\u00f3n que se proyecta tanto en los Estados Unidos como en Am\u00e9rica Latina y Espa\u00f1a. El idioma espa\u00f1ol [&hellip;]<\/p>\n","protected":false},"author":2,"featured_media":9137,"parent":0,"menu_order":10,"comment_status":"closed","ping_status":"closed","template":"","meta":{"_acf_changed":false,"footnotes":""},"static_content_type":[],"class_list":["post-5234","page","type-page","status-publish","has-post-thumbnail","hentry"],"acf":[],"_links":{"self":[{"href":"https:\/\/latinamericanliteraturetoday.org\/es\/wp-json\/wp\/v2\/pages\/5234","targetHints":{"allow":["GET"]}}],"collection":[{"href":"https:\/\/latinamericanliteraturetoday.org\/es\/wp-json\/wp\/v2\/pages"}],"about":[{"href":"https:\/\/latinamericanliteraturetoday.org\/es\/wp-json\/wp\/v2\/types\/page"}],"author":[{"embeddable":true,"href":"https:\/\/latinamericanliteraturetoday.org\/es\/wp-json\/wp\/v2\/users\/2"}],"replies":[{"embeddable":true,"href":"https:\/\/latinamericanliteraturetoday.org\/es\/wp-json\/wp\/v2\/comments?post=5234"}],"version-history":[{"count":10,"href":"https:\/\/latinamericanliteraturetoday.org\/es\/wp-json\/wp\/v2\/pages\/5234\/revisions"}],"predecessor-version":[{"id":33057,"href":"https:\/\/latinamericanliteraturetoday.org\/es\/wp-json\/wp\/v2\/pages\/5234\/revisions\/33057"}],"wp:featuredmedia":[{"embeddable":true,"href":"https:\/\/latinamericanliteraturetoday.org\/es\/wp-json\/wp\/v2\/media\/9137"}],"wp:attachment":[{"href":"https:\/\/latinamericanliteraturetoday.org\/es\/wp-json\/wp\/v2\/media?parent=5234"}],"wp:term":[{"taxonomy":"static_content_type","embeddable":true,"href":"https:\/\/latinamericanliteraturetoday.org\/es\/wp-json\/wp\/v2\/static_content_type?post=5234"}],"curies":[{"name":"wp","href":"https:\/\/api.w.org\/{rel}","templated":true}]}}