{"id":5117,"date":"2016-06-26T23:11:13","date_gmt":"2016-06-27T05:11:13","guid":{"rendered":"http:\/\/latinamericanliteraturetoday.wp\/student-opportunities\/"},"modified":"2024-05-02T15:07:31","modified_gmt":"2024-05-02T21:07:31","slug":"oportunidades-estudiantes","status":"publish","type":"page","link":"https:\/\/latinamericanliteraturetoday.org\/es\/oportunidades-estudiantes\/","title":{"rendered":"Oportunidades para estudiantes"},"content":{"rendered":"\t\t<div data-elementor-type=\"wp-page\" data-elementor-id=\"5117\" class=\"elementor elementor-5117 elementor-5116\" data-elementor-post-type=\"page\">\n\t\t\t\t\t\t<section class=\"has_ae_slider elementor-section elementor-top-section elementor-element elementor-element-3393169d elementor-section-boxed elementor-section-height-default elementor-section-height-default ae-bg-gallery-type-default\" data-id=\"3393169d\" data-element_type=\"section\" data-e-type=\"section\">\n\t\t\t\t\t\t<div class=\"elementor-container elementor-column-gap-default\">\n\t\t\t\t\t<div class=\"has_ae_slider elementor-column elementor-col-100 elementor-top-column elementor-element elementor-element-7a4d77ae ae-bg-gallery-type-default\" data-id=\"7a4d77ae\" data-element_type=\"column\" data-e-type=\"column\">\n\t\t\t<div class=\"elementor-widget-wrap elementor-element-populated\">\n\t\t\t\t\t\t<div class=\"elementor-element elementor-element-ccc31dd elementor-widget elementor-widget-heading\" data-id=\"ccc31dd\" data-element_type=\"widget\" data-e-type=\"widget\" data-widget_type=\"heading.default\">\n\t\t\t\t<div class=\"elementor-widget-container\">\n\t\t\t\t\t<span class=\"elementor-heading-title elementor-size-default\">PARTICIPAR<\/span>\t\t\t\t<\/div>\n\t\t\t\t<\/div>\n\t\t\t\t<div class=\"elementor-element elementor-element-98d4569 elementor-widget elementor-widget-heading\" data-id=\"98d4569\" data-element_type=\"widget\" data-e-type=\"widget\" data-widget_type=\"heading.default\">\n\t\t\t\t<div class=\"elementor-widget-container\">\n\t\t\t\t\t<h1 class=\"elementor-heading-title elementor-size-default\">Oportunidades para Estudiantes<\/h1>\t\t\t\t<\/div>\n\t\t\t\t<\/div>\n\t\t\t\t<div class=\"elementor-element elementor-element-9818f45 elementor-widget elementor-widget-text-editor\" data-id=\"9818f45\" data-element_type=\"widget\" data-e-type=\"widget\" data-widget_type=\"text-editor.default\">\n\t\t\t\t<div class=\"elementor-widget-container\">\n\t\t\t\t\t\t\t\t\t<p>Hay varias maneras en las que estudiantes de licenciatura y posgrado de la Universidad de Oklahoma pueden participar directamente en Latin American Literature Today:<\/p><ul><li>A trav\u00e9s del curso \u201cSpanish Translation\u201d (SPAN 4970), ofrecido por nuestro Editor de Traducci\u00f3n, George Henson. En este curso los estudiantes tienen la oportunidad no solo de estudiar teor\u00eda de traduci\u00f3n, sino tambi\u00e9n de traducir textos literarios del espa\u00f1ol al ingl\u00e9s (y viceversa), los cuales son considerados para su publicaci\u00f3n en LALT.<\/li><li>Cualquier estudiante de pregrado interesado en participar en LALT puede inscribirse en una secci\u00f3n de \u201cIndependent Study\u201d (SPAN 4990) o \u201cHonors Research\u201d (SPAN 3980, a trav\u00e9s del Honors College de OU) con Marcelo Rioseco, Editor General de LALT. Para mayores detalles, escribir a <a href=\"mailto:mrioseco@ou.edu\">mrioseco@ou.edu<\/a>.<\/li><li>Los estudiantes de posgrado del Department of Modern Languages, Literatures, and Linguistics de OU pueden ponerse en contacto con el equipo editorial de LALT (<a href=\"mailto:lalt@ou.edu\">lalt@ou.edu<\/a>) para realizar cualquier consulta sobre c\u00f3mo ayudar en el proceso editorial de la revista.<\/li><\/ul>\t\t\t\t\t\t\t\t<\/div>\n\t\t\t\t<\/div>\n\t\t\t\t\t<\/div>\n\t\t<\/div>\n\t\t\t\t\t<\/div>\n\t\t<\/section>\n\t\t\t\t<\/div>\n\t\t","protected":false},"excerpt":{"rendered":"<p>PARTICIPAR Oportunidades para Estudiantes Hay varias maneras en las que estudiantes de licenciatura y posgrado de la Universidad de Oklahoma pueden participar directamente en Latin American Literature Today: A trav\u00e9s del curso \u201cSpanish Translation\u201d (SPAN 4970), ofrecido por nuestro Editor de Traducci\u00f3n, George Henson. En este curso los estudiantes tienen la oportunidad no solo de [&hellip;]<\/p>\n","protected":false},"author":3,"featured_media":9135,"parent":0,"menu_order":9,"comment_status":"closed","ping_status":"closed","template":"","meta":{"_acf_changed":false,"footnotes":""},"static_content_type":[],"class_list":["post-5117","page","type-page","status-publish","has-post-thumbnail","hentry"],"acf":[],"_links":{"self":[{"href":"https:\/\/latinamericanliteraturetoday.org\/es\/wp-json\/wp\/v2\/pages\/5117","targetHints":{"allow":["GET"]}}],"collection":[{"href":"https:\/\/latinamericanliteraturetoday.org\/es\/wp-json\/wp\/v2\/pages"}],"about":[{"href":"https:\/\/latinamericanliteraturetoday.org\/es\/wp-json\/wp\/v2\/types\/page"}],"author":[{"embeddable":true,"href":"https:\/\/latinamericanliteraturetoday.org\/es\/wp-json\/wp\/v2\/users\/3"}],"replies":[{"embeddable":true,"href":"https:\/\/latinamericanliteraturetoday.org\/es\/wp-json\/wp\/v2\/comments?post=5117"}],"version-history":[{"count":13,"href":"https:\/\/latinamericanliteraturetoday.org\/es\/wp-json\/wp\/v2\/pages\/5117\/revisions"}],"predecessor-version":[{"id":33051,"href":"https:\/\/latinamericanliteraturetoday.org\/es\/wp-json\/wp\/v2\/pages\/5117\/revisions\/33051"}],"wp:featuredmedia":[{"embeddable":true,"href":"https:\/\/latinamericanliteraturetoday.org\/es\/wp-json\/wp\/v2\/media\/9135"}],"wp:attachment":[{"href":"https:\/\/latinamericanliteraturetoday.org\/es\/wp-json\/wp\/v2\/media?parent=5117"}],"wp:term":[{"taxonomy":"static_content_type","embeddable":true,"href":"https:\/\/latinamericanliteraturetoday.org\/es\/wp-json\/wp\/v2\/static_content_type?post=5117"}],"curies":[{"name":"wp","href":"https:\/\/api.w.org\/{rel}","templated":true}]}}