{"id":5113,"date":"2016-05-22T01:19:02","date_gmt":"2016-05-22T07:19:02","guid":{"rendered":"http:\/\/latinamericanliteraturetoday.wp\/get-involved-0\/"},"modified":"2024-05-02T15:01:30","modified_gmt":"2024-05-02T21:01:30","slug":"participar","status":"publish","type":"page","link":"https:\/\/latinamericanliteraturetoday.org\/es\/participar\/","title":{"rendered":"Participar"},"content":{"rendered":"\t\t<div data-elementor-type=\"wp-page\" data-elementor-id=\"5113\" class=\"elementor elementor-5113 elementor-5112\" data-elementor-post-type=\"page\">\n\t\t\t\t\t\t<section class=\"has_ae_slider elementor-section elementor-top-section elementor-element elementor-element-466ad9f elementor-section-boxed elementor-section-height-default elementor-section-height-default ae-bg-gallery-type-default\" data-id=\"466ad9f\" data-element_type=\"section\" data-e-type=\"section\">\n\t\t\t\t\t\t<div class=\"elementor-container elementor-column-gap-default\">\n\t\t\t\t\t<div class=\"has_ae_slider elementor-column elementor-col-100 elementor-top-column elementor-element elementor-element-4a6ef62 ae-bg-gallery-type-default\" data-id=\"4a6ef62\" data-element_type=\"column\" data-e-type=\"column\">\n\t\t\t<div class=\"elementor-widget-wrap elementor-element-populated\">\n\t\t\t\t\t\t<div class=\"elementor-element elementor-element-c31a759 elementor-widget elementor-widget-heading\" data-id=\"c31a759\" data-element_type=\"widget\" data-e-type=\"widget\" data-widget_type=\"heading.default\">\n\t\t\t\t<div class=\"elementor-widget-container\">\n\t\t\t\t\t<span class=\"elementor-heading-title elementor-size-default\">LATIN AMERICAN LITERATURE TODAY<\/span>\t\t\t\t<\/div>\n\t\t\t\t<\/div>\n\t\t\t\t<div class=\"elementor-element elementor-element-eb94a2c elementor-widget elementor-widget-heading\" data-id=\"eb94a2c\" data-element_type=\"widget\" data-e-type=\"widget\" data-widget_type=\"heading.default\">\n\t\t\t\t<div class=\"elementor-widget-container\">\n\t\t\t\t\t<h1 class=\"elementor-heading-title elementor-size-default\">Participar<\/h1>\t\t\t\t<\/div>\n\t\t\t\t<\/div>\n\t\t\t\t<div class=\"elementor-element elementor-element-8960274 elementor-widget elementor-widget-text-editor\" data-id=\"8960274\" data-element_type=\"widget\" data-e-type=\"widget\" data-widget_type=\"text-editor.default\">\n\t\t\t\t<div class=\"elementor-widget-container\">\n\t\t\t\t\t\t\t\t\t<p><i>Latin American Literature Today<\/i> se edita en la Universidad de Oklahoma en Norman, Oklahoma, EEUU, en asociaci\u00f3n con <i>World Literature Today<\/i>, revista bimensual de literatura internacional.<\/p>\r\n<p>LALT anima a sus lectores a que participen en los varios eventos literarios y culturales patrocinados por WLT que tienen lugar en el campus de la Universidad de Oklahoma a lo largo del a\u00f1o, entre ellos:<\/p><ul><li style=\"text-align: left;\"><a href=\"http:\/\/www.worldliteraturetoday.org\/neustadt-prize\" target=\"_blank\" rel=\"noopener\">The Neustadt Festival<\/a>, en el cual concede cada dos a\u00f1os el Neustadt International Prize for Literature. Entre los ganadores anteriores del Neustadt Prize se encuentran los escritores latinoamericanos Gabriel Garc\u00eda M\u00e1rquez, Octavio Paz, Jo\u00e3o Cabral de Melo Neto, \u00c1lvaro Mutis y Claribel Alegr\u00eda.<\/li><\/ul><ul><li style=\"text-align: justify;\"><a href=\"http:\/\/www.worldliteraturetoday.org\/puterbaugh-festival\" target=\"_blank\" rel=\"noopener\">The Puterbaugh Festivals of World Literature and Culture<\/a>, entre cuyos becarios anteriores se encuentran Jorge Guill\u00e9n, Jorge Luis Borges, Octavio Paz, D\u00e1maso Alonso, Julio Cort\u00e1zar, Mario Vargas Llosa, Carlos Fuentes, Guillermo Cabrera Infante, Manuel Puig, Luisa Valenzuela, Roberto Fern\u00e1ndez Retamar, N\u00e9lida Pi\u00f1on y Andr\u00e9s Neuman.<\/li><\/ul>\t\t\t\t\t\t\t\t<\/div>\n\t\t\t\t<\/div>\n\t\t\t\t\t<\/div>\n\t\t<\/div>\n\t\t\t\t\t<\/div>\n\t\t<\/section>\n\t\t\t\t<\/div>\n\t\t","protected":false},"excerpt":{"rendered":"<p>LATIN AMERICAN LITERATURE TODAY Latin American Literature Today se edita en la Universidad de Oklahoma en Norman, Oklahoma, EEUU, en asociaci\u00f3n con World Literature Today, revista bimensual de literatura internacional. LALT anima a sus lectores a que participen en los varios eventos literarios y culturales patrocinados por WLT que tienen lugar en el campus de [&hellip;]<\/p>\n","protected":false},"author":2,"featured_media":16428,"parent":0,"menu_order":8,"comment_status":"closed","ping_status":"closed","template":"","meta":{"_acf_changed":false,"footnotes":""},"static_content_type":[],"class_list":["post-5113","page","type-page","status-publish","has-post-thumbnail","hentry"],"acf":[],"_links":{"self":[{"href":"https:\/\/latinamericanliteraturetoday.org\/es\/wp-json\/wp\/v2\/pages\/5113","targetHints":{"allow":["GET"]}}],"collection":[{"href":"https:\/\/latinamericanliteraturetoday.org\/es\/wp-json\/wp\/v2\/pages"}],"about":[{"href":"https:\/\/latinamericanliteraturetoday.org\/es\/wp-json\/wp\/v2\/types\/page"}],"author":[{"embeddable":true,"href":"https:\/\/latinamericanliteraturetoday.org\/es\/wp-json\/wp\/v2\/users\/2"}],"replies":[{"embeddable":true,"href":"https:\/\/latinamericanliteraturetoday.org\/es\/wp-json\/wp\/v2\/comments?post=5113"}],"version-history":[{"count":10,"href":"https:\/\/latinamericanliteraturetoday.org\/es\/wp-json\/wp\/v2\/pages\/5113\/revisions"}],"predecessor-version":[{"id":33032,"href":"https:\/\/latinamericanliteraturetoday.org\/es\/wp-json\/wp\/v2\/pages\/5113\/revisions\/33032"}],"wp:featuredmedia":[{"embeddable":true,"href":"https:\/\/latinamericanliteraturetoday.org\/es\/wp-json\/wp\/v2\/media\/16428"}],"wp:attachment":[{"href":"https:\/\/latinamericanliteraturetoday.org\/es\/wp-json\/wp\/v2\/media?parent=5113"}],"wp:term":[{"taxonomy":"static_content_type","embeddable":true,"href":"https:\/\/latinamericanliteraturetoday.org\/es\/wp-json\/wp\/v2\/static_content_type?post=5113"}],"curies":[{"name":"wp","href":"https:\/\/api.w.org\/{rel}","templated":true}]}}